{"id":107,"date":"2024-03-14T11:35:52","date_gmt":"2024-03-14T10:35:52","guid":{"rendered":"https:\/\/mbtshape.nl\/de\/?page_id=107"},"modified":"2024-08-06T13:33:35","modified_gmt":"2024-08-06T11:33:35","slug":"haftungsausschluss","status":"publish","type":"page","link":"https:\/\/mbtshape.nl\/de\/haftungsausschluss\/","title":{"rendered":"Haftungsausschluss"},"content":{"rendered":"<section class=\"l-section wpb_row height_medium\"><div class=\"l-section-h i-cf\"><div class=\"g-cols vc_row via_flex valign_top type_default stacking_default\"><div class=\"vc_col-sm-12 wpb_column vc_column_container\"><div class=\"vc_column-inner\"><div class=\"wpb_wrapper\"><div class=\"wpb_text_column\"><div class=\"wpb_wrapper\"><h2>DISCLAIMER<\/h2>\n<p>Die Nutzung dieser Website unterliegt den folgenden Nutzungsbedingungen:<\/p>\n<p><strong>1.<\/strong> Mit der Nutzung dieser Website wird erwartet, dass Sie von diesen Nutzungsbedingungen Kenntnis genommen und diese akzeptiert haben.<\/p>\n<p><strong>2.<\/strong> Die auf oder \u00fcber diese Website bereitgestellten Informationen sind lediglich allgemeiner Natur und dienen nur Informations- und Werbezwecken.<\/p>\n<p><strong>3.<\/strong> My Body Shape \u00fcbernimmt keine Haftung f\u00fcr Sch\u00e4den, die durch die Unrichtigkeit oder Unvollst\u00e4ndigkeit der auf dieser Website angegebenen Informationen entstehen k\u00f6nnten.<\/p>\n<p><strong>4.<\/strong> Die bereitgestellten Informationen k\u00f6nnen jederzeit ohne weitere Ank\u00fcndigung ge\u00e4ndert werden.<\/p>\n<p><strong>5.<\/strong> Alle Rechte an geistigem Eigentum in Bezug auf die auf der Website ver\u00f6ffentlichten Materialien liegen bei My Body Shape. Bei Fotos und Videos k\u00f6nnen Urheberrechte sowohl beim Ersteller der Foto- oder Videoaufnahme als auch bei My Body Shape und\/oder abgebildeten Personen liegen. In Bezug auf die Website liegen die Rechte bei demjenigen, der die Website erstellt hat. Sofern nicht anders durch zwingende gesetzliche Bestimmungen (wie das Urheberrecht) geregelt, ist das Kopieren, Verbreiten und jede andere Nutzung der Inhalte der Website ohne vorherige schriftliche Genehmigung der Rechteinhaber nicht gestattet.<\/p>\n<\/div><\/div><\/div><\/div><\/div><\/div><\/div><\/section>\n","protected":false},"excerpt":{"rendered":"DISCLAIMER Die Nutzung dieser Website unterliegt den folgenden Nutzungsbedingungen: 1. Mit der Nutzung dieser Website wird erwartet, dass Sie von diesen Nutzungsbedingungen Kenntnis genommen und diese akzeptiert haben. 2. Die auf oder \u00fcber diese Website bereitgestellten Informationen sind lediglich allgemeiner Natur und dienen nur Informations- und Werbezwecken. 3. My Body Shape \u00fcbernimmt keine Haftung f\u00fcr...","protected":false},"author":2,"featured_media":0,"parent":0,"menu_order":0,"comment_status":"closed","ping_status":"closed","template":"","meta":{"footnotes":""},"class_list":["post-107","page","type-page","status-publish","hentry"],"acf":[],"_links":{"self":[{"href":"https:\/\/mbtshape.nl\/de\/wp-json\/wp\/v2\/pages\/107","targetHints":{"allow":["GET"]}}],"collection":[{"href":"https:\/\/mbtshape.nl\/de\/wp-json\/wp\/v2\/pages"}],"about":[{"href":"https:\/\/mbtshape.nl\/de\/wp-json\/wp\/v2\/types\/page"}],"author":[{"embeddable":true,"href":"https:\/\/mbtshape.nl\/de\/wp-json\/wp\/v2\/users\/2"}],"replies":[{"embeddable":true,"href":"https:\/\/mbtshape.nl\/de\/wp-json\/wp\/v2\/comments?post=107"}],"version-history":[{"count":5,"href":"https:\/\/mbtshape.nl\/de\/wp-json\/wp\/v2\/pages\/107\/revisions"}],"predecessor-version":[{"id":772,"href":"https:\/\/mbtshape.nl\/de\/wp-json\/wp\/v2\/pages\/107\/revisions\/772"}],"wp:attachment":[{"href":"https:\/\/mbtshape.nl\/de\/wp-json\/wp\/v2\/media?parent=107"}],"curies":[{"name":"wp","href":"https:\/\/api.w.org\/{rel}","templated":true}]}}